{"id":28,"date":"2017-10-23T11:30:36","date_gmt":"2017-10-23T09:30:36","guid":{"rendered":"http:\/\/www.casasmartin.ch.tiberius.sui-inter.net\/wordpress\/?page_id=28"},"modified":"2025-10-14T17:03:52","modified_gmt":"2025-10-14T15:03:52","slug":"links","status":"publish","type":"page","link":"https:\/\/www.casasmartin.ch\/ro\/kontakt\/links\/","title":{"rendered":"Links"},"content":{"rendered":"<p><a href=\"http:\/\/www.trun.ch\/\">vischnaunca Trun<\/a><\/p>\n<p><a href=\"http:\/\/breil.ch\/\">vischnaunca Breil<\/a><\/p>\n<p><a href=\"http:\/\/www.sumvitg.ch\/\">vischnaunca Sumvitg<\/a><\/p>\n<p><a href=\"https:\/\/www.puntreis.com\/\">Center da sanadad Puntreis, Disentis<\/a><\/p>\n<p><a href=\"https:\/\/www.da-casa.ch\/\">Da Casa Val Lumnezia, Vella<\/a><\/p>\n<p><a href=\"http:\/\/www.prosenectute.ch\/\">Pro Senectute<\/a><\/p>\n<p><a href=\"https:\/\/www.sva.gr.ch\/home.html\">SVA Kanton Graub\u00fcnden<\/a><\/p>\n<p><a href=\"http:\/\/www.curaviva.ch\/\">Curaviva.ch<br \/>\nVerband Heime und Institutionen Schweiz<\/a><\/p>\n<p><a href=\"http:\/\/www.bsh-gr.ch\/\">BSH<br \/>\nB\u00fcndner Spital- und Heimverband<\/a><\/p>\n<p><a href=\"http:\/\/www.langzeitpflege-gr.ch\/\">Spitex + Pflegeheime Graub\u00fcnden<\/a><\/p>","protected":false},"excerpt":{"rendered":"<p>vischnaunca Trun vischnaunca Breil vischnaunca Sumvitg Center da sanadad Puntreis, Disentis Da Casa Val Lumnezia, Vella Pro Senectute SVA Kanton Graub\u00fcnden Curaviva.ch Verband Heime und Institutionen Schweiz BSH B\u00fcndner Spital- und Heimverband Spitex + Pflegeheime Graub\u00fcnden<\/p>\n","protected":false},"author":2,"featured_media":0,"parent":111,"menu_order":38,"comment_status":"closed","ping_status":"closed","template":"","meta":{"_acf_changed":false,"ngg_post_thumbnail":0,"footnotes":""},"class_list":["post-28","page","type-page","status-publish","hentry"],"acf":[],"_links":{"self":[{"href":"https:\/\/www.casasmartin.ch\/ro\/wp-json\/wp\/v2\/pages\/28","targetHints":{"allow":["GET"]}}],"collection":[{"href":"https:\/\/www.casasmartin.ch\/ro\/wp-json\/wp\/v2\/pages"}],"about":[{"href":"https:\/\/www.casasmartin.ch\/ro\/wp-json\/wp\/v2\/types\/page"}],"author":[{"embeddable":true,"href":"https:\/\/www.casasmartin.ch\/ro\/wp-json\/wp\/v2\/users\/2"}],"replies":[{"embeddable":true,"href":"https:\/\/www.casasmartin.ch\/ro\/wp-json\/wp\/v2\/comments?post=28"}],"version-history":[{"count":18,"href":"https:\/\/www.casasmartin.ch\/ro\/wp-json\/wp\/v2\/pages\/28\/revisions"}],"predecessor-version":[{"id":8766,"href":"https:\/\/www.casasmartin.ch\/ro\/wp-json\/wp\/v2\/pages\/28\/revisions\/8766"}],"up":[{"embeddable":true,"href":"https:\/\/www.casasmartin.ch\/ro\/wp-json\/wp\/v2\/pages\/111"}],"wp:attachment":[{"href":"https:\/\/www.casasmartin.ch\/ro\/wp-json\/wp\/v2\/media?parent=28"}],"curies":[{"name":"wp","href":"https:\/\/api.w.org\/{rel}","templated":true}]}}